{"id":2056,"date":"2020-12-07T12:57:48","date_gmt":"2020-12-07T19:57:48","guid":{"rendered":"https:\/\/www.veincenterofarizona.com\/insuficiencia-venosa-cronica\/sindrome-de-congestion-pelvica\/"},"modified":"2020-12-07T12:57:48","modified_gmt":"2020-12-07T19:57:48","slug":"sindrome-de-congestion-pelvica","status":"publish","type":"page","link":"https:\/\/www.veincenterofarizona.com\/es\/insuficiencia-venosa-cronica\/sindrome-de-congestion-pelvica\/","title":{"rendered":"S\u00edndrome de Congesti\u00f3n P\u00e9lvica"},"content":{"rendered":"","protected":false},"excerpt":{"rendered":"","protected":false},"author":2,"featured_media":1925,"parent":2051,"menu_order":3,"comment_status":"closed","ping_status":"closed","template":"templates\/varicose-veins.php","meta":{"_acf_changed":false,"footnotes":""},"class_list":["post-2056","page","type-page","status-publish","has-post-thumbnail","hentry"],"acf":[],"yoast_head":"<!-- This site is optimized with the Yoast SEO plugin v22.6 - https:\/\/yoast.com\/wordpress\/plugins\/seo\/ -->\n<title>S\u00edndrome de Congesti\u00f3n P\u00e9lvica | Yuma, Arizona<\/title>\n<meta name=\"description\" content=\"El s\u00edndrome de congesti\u00f3n p\u00e9lvica es una afecci\u00f3n que se presenta en las mujeres. Las venas varicosas se forman alrededor de la regi\u00f3n p\u00e9lvica. Contacto Yuma, AZ Doctor Paul Larson.\" \/>\n<meta name=\"robots\" content=\"index, follow, max-snippet:-1, max-image-preview:large, max-video-preview:-1\" \/>\n<link rel=\"canonical\" href=\"https:\/\/www.veincenterofarizona.com\/es\/insuficiencia-venosa-cronica\/sindrome-de-congestion-pelvica\/\" \/>\n<meta property=\"og:locale\" content=\"es_ES\" \/>\n<meta property=\"og:type\" content=\"article\" \/>\n<meta property=\"og:title\" content=\"S\u00edndrome de Congesti\u00f3n P\u00e9lvica | Yuma, Arizona\" \/>\n<meta property=\"og:description\" content=\"El s\u00edndrome de congesti\u00f3n p\u00e9lvica es una afecci\u00f3n que se presenta en las mujeres. Las venas varicosas se forman alrededor de la regi\u00f3n p\u00e9lvica. Contacto Yuma, AZ Doctor Paul Larson.\" \/>\n<meta property=\"og:url\" content=\"https:\/\/www.veincenterofarizona.com\/es\/insuficiencia-venosa-cronica\/sindrome-de-congestion-pelvica\/\" \/>\n<meta property=\"og:site_name\" content=\"The Vein Center of Arizona\" \/>\n<meta property=\"article:publisher\" content=\"https:\/\/www.facebook.com\/Dr.PaulLarson\/\" \/>\n<meta property=\"og:image\" content=\"https:\/\/www.veincenterofarizona.com\/wp-content\/uploads\/2018\/05\/arizona-vein2.png\" \/>\n\t<meta property=\"og:image:width\" content=\"239\" \/>\n\t<meta property=\"og:image:height\" content=\"211\" \/>\n\t<meta property=\"og:image:type\" content=\"image\/png\" \/>\n<meta name=\"twitter:card\" content=\"summary_large_image\" \/>\n<meta name=\"twitter:site\" content=\"@veincenterofAZ\" \/>\n<script type=\"application\/ld+json\" class=\"yoast-schema-graph\">{\"@context\":\"https:\/\/schema.org\",\"@graph\":[{\"@type\":\"WebPage\",\"@id\":\"https:\/\/www.veincenterofarizona.com\/es\/insuficiencia-venosa-cronica\/sindrome-de-congestion-pelvica\/\",\"url\":\"https:\/\/www.veincenterofarizona.com\/es\/insuficiencia-venosa-cronica\/sindrome-de-congestion-pelvica\/\",\"name\":\"S\u00edndrome de Congesti\u00f3n P\u00e9lvica | Yuma, Arizona\",\"isPartOf\":{\"@id\":\"https:\/\/www.veincenterofarizona.com\/es\/#website\"},\"primaryImageOfPage\":{\"@id\":\"https:\/\/www.veincenterofarizona.com\/es\/insuficiencia-venosa-cronica\/sindrome-de-congestion-pelvica\/#primaryimage\"},\"image\":{\"@id\":\"https:\/\/www.veincenterofarizona.com\/es\/insuficiencia-venosa-cronica\/sindrome-de-congestion-pelvica\/#primaryimage\"},\"thumbnailUrl\":\"https:\/\/www.veincenterofarizona.com\/wp-content\/uploads\/2018\/05\/arizona-vein2.png\",\"datePublished\":\"2020-12-07T19:57:48+00:00\",\"dateModified\":\"2020-12-07T19:57:48+00:00\",\"description\":\"El s\u00edndrome de congesti\u00f3n p\u00e9lvica es una afecci\u00f3n que se presenta en las mujeres. Las venas varicosas se forman alrededor de la regi\u00f3n p\u00e9lvica. Contacto Yuma, AZ Doctor Paul Larson.\",\"breadcrumb\":{\"@id\":\"https:\/\/www.veincenterofarizona.com\/es\/insuficiencia-venosa-cronica\/sindrome-de-congestion-pelvica\/#breadcrumb\"},\"inLanguage\":\"es\",\"potentialAction\":[{\"@type\":\"ReadAction\",\"target\":[\"https:\/\/www.veincenterofarizona.com\/es\/insuficiencia-venosa-cronica\/sindrome-de-congestion-pelvica\/\"]}]},{\"@type\":\"ImageObject\",\"inLanguage\":\"es\",\"@id\":\"https:\/\/www.veincenterofarizona.com\/es\/insuficiencia-venosa-cronica\/sindrome-de-congestion-pelvica\/#primaryimage\",\"url\":\"https:\/\/www.veincenterofarizona.com\/wp-content\/uploads\/2018\/05\/arizona-vein2.png\",\"contentUrl\":\"https:\/\/www.veincenterofarizona.com\/wp-content\/uploads\/2018\/05\/arizona-vein2.png\",\"width\":239,\"height\":211,\"caption\":\"S\u00edndrome del cascanueces, compresi\u00f3n de la vena renal izquierda por la arteria mesent\u00e9rica superior que causa s\u00edndrome de congesti\u00f3n p\u00e9lvica y reflujo de la vena ov\u00e1rica izquierda\"},{\"@type\":\"BreadcrumbList\",\"@id\":\"https:\/\/www.veincenterofarizona.com\/es\/insuficiencia-venosa-cronica\/sindrome-de-congestion-pelvica\/#breadcrumb\",\"itemListElement\":[{\"@type\":\"ListItem\",\"position\":1,\"name\":\"Home\",\"item\":\"https:\/\/www.veincenterofarizona.com\/es\/\"},{\"@type\":\"ListItem\",\"position\":2,\"name\":\"Insuficiencia venosa cr\u00f3nica\",\"item\":\"https:\/\/www.veincenterofarizona.com\/es\/insuficiencia-venosa-cronica\/\"},{\"@type\":\"ListItem\",\"position\":3,\"name\":\"S\u00edndrome de Congesti\u00f3n P\u00e9lvica\"}]},{\"@type\":\"WebSite\",\"@id\":\"https:\/\/www.veincenterofarizona.com\/es\/#website\",\"url\":\"https:\/\/www.veincenterofarizona.com\/es\/\",\"name\":\"The Vein Center of Arizona\",\"description\":\"Dr. Paul Larson\",\"potentialAction\":[{\"@type\":\"SearchAction\",\"target\":{\"@type\":\"EntryPoint\",\"urlTemplate\":\"https:\/\/www.veincenterofarizona.com\/es\/?s={search_term_string}\"},\"query-input\":\"required name=search_term_string\"}],\"inLanguage\":\"es\"}]}<\/script>\n<!-- \/ Yoast SEO plugin. -->","yoast_head_json":{"title":"S\u00edndrome de Congesti\u00f3n P\u00e9lvica | Yuma, Arizona","description":"El s\u00edndrome de congesti\u00f3n p\u00e9lvica es una afecci\u00f3n que se presenta en las mujeres. Las venas varicosas se forman alrededor de la regi\u00f3n p\u00e9lvica. Contacto Yuma, AZ Doctor Paul Larson.","robots":{"index":"index","follow":"follow","max-snippet":"max-snippet:-1","max-image-preview":"max-image-preview:large","max-video-preview":"max-video-preview:-1"},"canonical":"https:\/\/www.veincenterofarizona.com\/es\/insuficiencia-venosa-cronica\/sindrome-de-congestion-pelvica\/","og_locale":"es_ES","og_type":"article","og_title":"S\u00edndrome de Congesti\u00f3n P\u00e9lvica | Yuma, Arizona","og_description":"El s\u00edndrome de congesti\u00f3n p\u00e9lvica es una afecci\u00f3n que se presenta en las mujeres. Las venas varicosas se forman alrededor de la regi\u00f3n p\u00e9lvica. Contacto Yuma, AZ Doctor Paul Larson.","og_url":"https:\/\/www.veincenterofarizona.com\/es\/insuficiencia-venosa-cronica\/sindrome-de-congestion-pelvica\/","og_site_name":"The Vein Center of Arizona","article_publisher":"https:\/\/www.facebook.com\/Dr.PaulLarson\/","og_image":[{"width":239,"height":211,"url":"https:\/\/www.veincenterofarizona.com\/wp-content\/uploads\/2018\/05\/arizona-vein2.png","type":"image\/png"}],"twitter_card":"summary_large_image","twitter_site":"@veincenterofAZ","schema":{"@context":"https:\/\/schema.org","@graph":[{"@type":"WebPage","@id":"https:\/\/www.veincenterofarizona.com\/es\/insuficiencia-venosa-cronica\/sindrome-de-congestion-pelvica\/","url":"https:\/\/www.veincenterofarizona.com\/es\/insuficiencia-venosa-cronica\/sindrome-de-congestion-pelvica\/","name":"S\u00edndrome de Congesti\u00f3n P\u00e9lvica | Yuma, Arizona","isPartOf":{"@id":"https:\/\/www.veincenterofarizona.com\/es\/#website"},"primaryImageOfPage":{"@id":"https:\/\/www.veincenterofarizona.com\/es\/insuficiencia-venosa-cronica\/sindrome-de-congestion-pelvica\/#primaryimage"},"image":{"@id":"https:\/\/www.veincenterofarizona.com\/es\/insuficiencia-venosa-cronica\/sindrome-de-congestion-pelvica\/#primaryimage"},"thumbnailUrl":"https:\/\/www.veincenterofarizona.com\/wp-content\/uploads\/2018\/05\/arizona-vein2.png","datePublished":"2020-12-07T19:57:48+00:00","dateModified":"2020-12-07T19:57:48+00:00","description":"El s\u00edndrome de congesti\u00f3n p\u00e9lvica es una afecci\u00f3n que se presenta en las mujeres. Las venas varicosas se forman alrededor de la regi\u00f3n p\u00e9lvica. Contacto Yuma, AZ Doctor Paul Larson.","breadcrumb":{"@id":"https:\/\/www.veincenterofarizona.com\/es\/insuficiencia-venosa-cronica\/sindrome-de-congestion-pelvica\/#breadcrumb"},"inLanguage":"es","potentialAction":[{"@type":"ReadAction","target":["https:\/\/www.veincenterofarizona.com\/es\/insuficiencia-venosa-cronica\/sindrome-de-congestion-pelvica\/"]}]},{"@type":"ImageObject","inLanguage":"es","@id":"https:\/\/www.veincenterofarizona.com\/es\/insuficiencia-venosa-cronica\/sindrome-de-congestion-pelvica\/#primaryimage","url":"https:\/\/www.veincenterofarizona.com\/wp-content\/uploads\/2018\/05\/arizona-vein2.png","contentUrl":"https:\/\/www.veincenterofarizona.com\/wp-content\/uploads\/2018\/05\/arizona-vein2.png","width":239,"height":211,"caption":"S\u00edndrome del cascanueces, compresi\u00f3n de la vena renal izquierda por la arteria mesent\u00e9rica superior que causa s\u00edndrome de congesti\u00f3n p\u00e9lvica y reflujo de la vena ov\u00e1rica izquierda"},{"@type":"BreadcrumbList","@id":"https:\/\/www.veincenterofarizona.com\/es\/insuficiencia-venosa-cronica\/sindrome-de-congestion-pelvica\/#breadcrumb","itemListElement":[{"@type":"ListItem","position":1,"name":"Home","item":"https:\/\/www.veincenterofarizona.com\/es\/"},{"@type":"ListItem","position":2,"name":"Insuficiencia venosa cr\u00f3nica","item":"https:\/\/www.veincenterofarizona.com\/es\/insuficiencia-venosa-cronica\/"},{"@type":"ListItem","position":3,"name":"S\u00edndrome de Congesti\u00f3n P\u00e9lvica"}]},{"@type":"WebSite","@id":"https:\/\/www.veincenterofarizona.com\/es\/#website","url":"https:\/\/www.veincenterofarizona.com\/es\/","name":"The Vein Center of Arizona","description":"Dr. Paul Larson","potentialAction":[{"@type":"SearchAction","target":{"@type":"EntryPoint","urlTemplate":"https:\/\/www.veincenterofarizona.com\/es\/?s={search_term_string}"},"query-input":"required name=search_term_string"}],"inLanguage":"es"}]}},"_links":{"self":[{"href":"https:\/\/www.veincenterofarizona.com\/es\/wp-json\/wp\/v2\/pages\/2056","targetHints":{"allow":["GET"]}}],"collection":[{"href":"https:\/\/www.veincenterofarizona.com\/es\/wp-json\/wp\/v2\/pages"}],"about":[{"href":"https:\/\/www.veincenterofarizona.com\/es\/wp-json\/wp\/v2\/types\/page"}],"author":[{"embeddable":true,"href":"https:\/\/www.veincenterofarizona.com\/es\/wp-json\/wp\/v2\/users\/2"}],"replies":[{"embeddable":true,"href":"https:\/\/www.veincenterofarizona.com\/es\/wp-json\/wp\/v2\/comments?post=2056"}],"version-history":[{"count":0,"href":"https:\/\/www.veincenterofarizona.com\/es\/wp-json\/wp\/v2\/pages\/2056\/revisions"}],"up":[{"embeddable":true,"href":"https:\/\/www.veincenterofarizona.com\/es\/wp-json\/wp\/v2\/pages\/2051"}],"wp:featuredmedia":[{"embeddable":true,"href":"https:\/\/www.veincenterofarizona.com\/es\/wp-json\/wp\/v2\/media\/1925"}],"wp:attachment":[{"href":"https:\/\/www.veincenterofarizona.com\/es\/wp-json\/wp\/v2\/media?parent=2056"}],"curies":[{"name":"wp","href":"https:\/\/api.w.org\/{rel}","templated":true}]}}